{"id":139,"date":"2014-05-09T16:04:53","date_gmt":"2014-05-09T14:04:53","guid":{"rendered":"http:\/\/amapdelalys.org\/blog\/?page_id=139"},"modified":"2024-09-04T17:13:41","modified_gmt":"2024-09-04T15:13:41","slug":"lamap-de-la-lys","status":"publish","type":"page","link":"http:\/\/amapdelalys.org\/blog\/lamap-de-la-lys\/","title":{"rendered":"L&rsquo;Amap de la Lys"},"content":{"rendered":"<p><img loading=\"lazy\" decoding=\"async\" class=\" alignleft\" src=\"http:\/\/amapdelalys.org\/blog\/wp-content\/uploads\/2014\/04\/272447_399086613490187_1042079387_o-150x150.jpg\" alt=\"272447_399086613490187_1042079387_o\" width=\"150\" height=\"150\" \/>Cr\u00e9\u00e9e en mai 2011 par l\u2019association Le petit seau rouge (LPSR), l\u2019Amap de la Lys regroupe des consom\u2019acteurs de la vall\u00e9e de la Lys : essentiellement Halluin, Roncq, Bousbecque, Linselles, Neuville en Ferrain, Tourcoing\u2026<\/p>\n<p><a href=\"https:\/\/www.youtube.com\/watch?v=-K7CsO68jRk\">Voir le film<\/a><\/p>\n<p><!--more--><\/p>\n<h1><\/h1>\n<h1><strong>Petit Historique<\/strong><\/h1>\n<p id=\"id_535d36e384d5d1b58661666\">Cr\u00e9\u00e9e en mai 2011 par l\u2019association Le petit seau rouge (LPSR), l\u2019Amap de la Lys regroupe des consom\u2019acteurs de la vall\u00e9e de la Lys : essentiellement Halluin, Roncq, Bousbecque, Linselles, Neuville en Ferrain, Tourcoing\u2026Le partenariat a commenc\u00e9 en 2012 avec Agn\u00e8s Kindt, jeune maraich\u00e8re \u00e0 Houplines, qui\u00a0a pu d\u00e9marrer son activit\u00e9 sur environ 1ha gr\u00e2ce \u00e0 l&rsquo;AMAP. Elle produit uniquement pour l&rsquo;AMAP ce qui permet de fournir des l\u00e9gumes en toute transparence et dans le respect du principe de partage des b\u00e9n\u00e9fices et des risques.<\/p>\n<p>Le partenariat s&rsquo;est cr\u00e9\u00e9 petit \u00e0 petit, avec 26 paniers pour la premi\u00e8re saison. Aujourd&rsquo;hui, l&rsquo;activit\u00e9 d&rsquo;Agn\u00e8s approche son rythme de croisi\u00e8re, elle fournit\u00a040 \u00e9quivalents grand paniers chaque semaine, soit environ 70 familles. Les l\u00e9gumes seront tr\u00e8s bient\u00f4t certifi\u00e9s \u00ab\u00a0Agriculture Biologique\u00a0\u00bb apr\u00e8s 3 ans de conversion.<\/p>\n<div>\n<p>L\u2019objectif de ces familles\u00a0est de soutenir Agn\u00e8s dans sa d\u00e9marche en achetant \u00e0 l\u2019avance sa production de l\u2019ann\u00e9e. Elles\u00a0peuvent am\u00e9liorer leur consommation en d\u00e9couvrant des l\u00e9gumes originaux,\u00a0sans pesticide, sans engrais chimique, locaux, \u00e9quitables, et plus si affinit\u00e9s.<\/p>\n<p>Pour en savoir plus, consultez les\u00a0<a href=\"http:\/\/amapdelalys.org\/blog\/wp-content\/uploads\/2014\/04\/STATUTS-Amap-de-la-Lys.pdf\">STATUTS Amap de la Lys.<\/a><\/p>\n<\/div>\n<h1><strong>Et concr\u00e8tement&#8230;<\/strong><\/h1>\n<ul>\n<li>\n<h2>Ou et quand ?<\/h2>\n<\/li>\n<\/ul>\n<p>Les distributions ont lieu chaque Jeudi de 18h \u00e0 19h30 \u00e0 l&rsquo;entr\u00e9e de l&rsquo;usine KOK,\u00a073 Rue Thomas Becket,\u00a059250 Halluin,\u00a0France. Les adh\u00e9rents de l&rsquo;AMAP de la Lys re\u00e7oivent un panier de l\u00e9gume chaque semaine ou presque. Deux semaines sont laiss\u00e9es\u00a0pour les vacances de\u00a0la mara\u00eech\u00e8re, et les distributions se font\u00a0une semaine sur deux en Avril et Mai au moment o\u00f9 les l\u00e9gumes sont les moins abondants, ce qui revient \u00e0 46 paniers pour l&rsquo;ann\u00e9e.<\/p>\n<p><a href=\"https:\/\/www.youtube.com\/watch?v=sKTGLZ3jFtA\">Voir le film sur les distributions<\/a><\/p>\n<ul>\n<li>\n<h2>Quoi et Combien\u00a0?<\/h2>\n<\/li>\n<\/ul>\n<div>Les amapiens ont le choix entre deux tailles de paniers de l\u00e9gumes: un grand panier (4-5 personnes), \u00e0 19\u20ac ou un petit panier (2-3 personnes) \u00e0 9,50\u20ac. Les paniers contiennent au minimum 5 l\u00e9gumes diff\u00e9rents et varient en fonction de la saison. A chaque saison, la mara\u00eech\u00e8re modifie ses mises en cultures pour que les paniers conviennent aux souhaits du plus grand nombre en quantit\u00e9 et en diversit\u00e9.<\/div>\n<div><\/div>\n<div>Il est \u00e9galemement possible de s&rsquo;engager pour une panier \u00ab\u00a0Oeufs\u00a0\u00bb \u00e0 raison de 6 oeufs \u00e0 2,50\u20ac ou 12 oeufs \u00e0 5\u20ac lors de chaque distribution.<\/div>\n<div><\/div>\n<ul>\n<li>\n<h2>Et quoi d&rsquo;autre ?<\/h2>\n<\/li>\n<\/ul>\n<p>Les amapiens s&rsquo;engagent d&rsquo;une part \u00e0 partager leurs avis, id\u00e9es, informations\u00a0dans le\u00a0but de faire progresser l&rsquo;aventure AMAP, et d&rsquo;autre part\u00a0\u00e0 participer aux activit\u00e9s de l&rsquo;AMAP de la Lys en fonction de leurs talents, et envies.<\/p>\n<p>Il existe de nombreuse mani\u00e8res de s&rsquo;impliquer : participer \u00e0 la confection des paniers avec Agn\u00e8s pendant la distribution le Jeudi soir, participer aux ateliers d&rsquo;aide \u00e0 la ferme organis\u00e9s le premier week-end de chaque mois, repr\u00e9senter et faire la promotion de l&rsquo;AMAP lors des divers forums et \u00e9v\u00e8nements auxquels elle participe, s&rsquo;engager dans le bureau de l&rsquo;AMAP pour une t\u00e2che d\u00e9finie&#8230;<\/p>\n<p>Bref, si vous souhaitez adh\u00e9rer ou obtenir des informations, n&rsquo;h\u00e9sitez pas \u00e0 <a title=\"Contacter l\u2019Amap de la Lys\" href=\"http:\/\/amapdelalys.org\/blog\/contacter-lamap-de-la-lys\/\">nous contacter<\/a> !<\/p>\n","protected":false},"excerpt":{"rendered":"<p>Cr\u00e9\u00e9e en mai 2011 par l\u2019association Le petit seau rouge (LPSR), l\u2019Amap de la Lys regroupe des consom\u2019acteurs de la vall\u00e9e de la Lys : essentiellement Halluin, Roncq, Bousbecque, Linselles, Neuville en Ferrain, Tourcoing\u2026 Voir le film<\/p>\n","protected":false},"author":1,"featured_media":0,"parent":0,"menu_order":0,"comment_status":"closed","ping_status":"open","template":"","meta":{"wprm-recipe-roundup-name":"","wprm-recipe-roundup-description":"","footnotes":""},"class_list":["post-139","page","type-page","status-publish","hentry"],"_links":{"self":[{"href":"http:\/\/amapdelalys.org\/blog\/wp-json\/wp\/v2\/pages\/139","targetHints":{"allow":["GET"]}}],"collection":[{"href":"http:\/\/amapdelalys.org\/blog\/wp-json\/wp\/v2\/pages"}],"about":[{"href":"http:\/\/amapdelalys.org\/blog\/wp-json\/wp\/v2\/types\/page"}],"author":[{"embeddable":true,"href":"http:\/\/amapdelalys.org\/blog\/wp-json\/wp\/v2\/users\/1"}],"replies":[{"embeddable":true,"href":"http:\/\/amapdelalys.org\/blog\/wp-json\/wp\/v2\/comments?post=139"}],"version-history":[{"count":19,"href":"http:\/\/amapdelalys.org\/blog\/wp-json\/wp\/v2\/pages\/139\/revisions"}],"predecessor-version":[{"id":2604,"href":"http:\/\/amapdelalys.org\/blog\/wp-json\/wp\/v2\/pages\/139\/revisions\/2604"}],"wp:attachment":[{"href":"http:\/\/amapdelalys.org\/blog\/wp-json\/wp\/v2\/media?parent=139"}],"curies":[{"name":"wp","href":"https:\/\/api.w.org\/{rel}","templated":true}]}}